{"id":93,"date":"2022-03-08T14:00:11","date_gmt":"2022-03-08T13:00:11","guid":{"rendered":"https:\/\/espacioaretha.com\/explora\/?page_id=93"},"modified":"2022-05-12T11:32:30","modified_gmt":"2022-05-12T09:32:30","slug":"nosotros","status":"publish","type":"page","link":"https:\/\/espacioaretha.com\/explora\/nosotros\/","title":{"rendered":"Nosotros"},"content":{"rendered":"\n<h3 class=\"wp-block-heading\">Aretha Explora es una plataforma de contenidos para los profesionales de la arquitectura y el dise\u00f1o impulsada por Aretha, una empresa especializada en el asesoramiento, desarrollo y ejecuci\u00f3n de proyectos de equipamiento integral de espacios, ya sean de trabajo, <em>hospitality<\/em>, <em>contract<\/em> o residenciales.<\/h3>\n\n\n\n<figure class=\"wp-block-video\"><video height=\"1080\" style=\"aspect-ratio: 1920 \/ 1080;\" width=\"1920\" autoplay loop muted preload=\"none\" src=\"https:\/\/espacioaretha.com\/explora\/wp-content\/uploads\/2022\/05\/Grid-6.mp4\"><\/video><\/figure>\n\n\n\n<div class=\"wp-block-columns is-layout-flex wp-container-core-columns-is-layout-9d6595d7 wp-block-columns-is-layout-flex\">\n<div class=\"wp-block-column is-layout-flow wp-block-column-is-layout-flow\"><\/div>\n\n\n\n<div class=\"wp-block-column is-layout-flow wp-block-column-is-layout-flow\">\n<p>Por la naturaleza de nuestra actividad, que ha de combinar creatividad con precisi\u00f3n t\u00e9cnica, empat\u00eda hacia el usuario y anticipaci\u00f3n en sus planteamientos, sabemos lo importante que es para los profesionales de la arquitectura y el dise\u00f1o de interiores el conocimiento de las tendencias y las corrientes de pensamiento, tanto de su sector como sociales.&nbsp;<\/p>\n\n\n\n<p>Por eso, para inspirar a nuestra comunidad de clientes y amigos creamos Aretha Explora, una plataforma destinada al intercambio de conocimiento, reflexiones, experiencias, proyectos y tendencias relacionadas con la arquitectura, el dise\u00f1o y otros muchos campos.<\/p>\n\n\n\n<h3 class=\"wp-block-heading\">Aretha Explora busca ser una fuente de inspiraci\u00f3n y de conocimiento para el desarrollo t\u00e9cnico, conceptual y creativo, que nos permita proponer espacios innovadores que conecten con la sociedad que viene, tanto a nosotros en Aretha como a los estudios de arquitectura e interiorismo con los que colaboramos.&nbsp;<\/h3>\n<\/div>\n<\/div>\n\n\n\n<h3 class=\"wp-block-heading\">Aretha Explora surge como una extensi\u00f3n de las actividades presenciales que habitualmente organizamos en nuestra sede. Ubicada en el coraz\u00f3n de Madrid, junto a la plaza de Chamber\u00ed, adem\u00e1s de funcionar como un espacio en el que conocer nuestras soluciones y servicios de la mano de nuestros profesionales, est\u00e1 considerada como un punto de encuentro en torno a la cultura del dise\u00f1o. Su estimulante e inspiradora programaci\u00f3n de eventos, debates y presentaciones adquiere as\u00ed una nueva dimensi\u00f3n en digital con Aretha Explora.<\/h3>\n\n\n\n<p><\/p>\n\n\n\n<p><\/p>\n\n\n\n<figure class=\"wp-block-video alignfull\"><video height=\"1080\" style=\"aspect-ratio: 1920 \/ 1080;\" width=\"1920\" autoplay loop muted src=\"https:\/\/espacioaretha.com\/explora\/wp-content\/uploads\/2022\/05\/Nosotros-ultimo-3-comp.mp4\"><\/video><\/figure>\n\n\n\n<p><\/p>\n","protected":false},"excerpt":{"rendered":"<p>Aretha Explora es una plataforma de contenidos para los profesionales de la arquitectura y el dise\u00f1o impulsada por Aretha, una empresa especializada en el asesoramiento, desarrollo y ejecuci\u00f3n de proyectos de equipamiento integral de espacios, ya sean de trabajo, hospitality, contract o residenciales. Por la naturaleza de nuestra actividad, que ha de combinar creatividad con [&hellip;]<\/p>\n","protected":false},"author":1,"featured_media":0,"parent":0,"menu_order":0,"comment_status":"closed","ping_status":"closed","template":"tpl-nosotros.php","meta":{"footnotes":""},"class_list":["post-93","page","type-page","status-publish","hentry"],"yoast_head":"<!-- This site is optimized with the Yoast SEO plugin v27.3 - https:\/\/yoast.com\/product\/yoast-seo-wordpress\/ -->\n<title>Nosotros | Aretha Explora<\/title>\n<meta name=\"robots\" content=\"index, follow, max-snippet:-1, max-image-preview:large, max-video-preview:-1\" \/>\n<link rel=\"canonical\" href=\"https:\/\/espacioaretha.com\/explora\/nosotros\/\" \/>\n<meta property=\"og:locale\" content=\"es_ES\" \/>\n<meta property=\"og:type\" content=\"article\" \/>\n<meta property=\"og:title\" content=\"Nosotros | Aretha Explora\" \/>\n<meta property=\"og:description\" content=\"Aretha Explora es una plataforma de contenidos para los profesionales de la arquitectura y el dise\u00f1o impulsada por Aretha, una empresa especializada en el asesoramiento, desarrollo y ejecuci\u00f3n de proyectos de equipamiento integral de espacios, ya sean de trabajo, hospitality, contract o residenciales. Por la naturaleza de nuestra actividad, que ha de combinar creatividad con [&hellip;]\" \/>\n<meta property=\"og:url\" content=\"https:\/\/espacioaretha.com\/explora\/nosotros\/\" \/>\n<meta property=\"og:site_name\" content=\"Aretha Explora\" \/>\n<meta property=\"article:modified_time\" content=\"2022-05-12T09:32:30+00:00\" \/>\n<meta name=\"twitter:card\" content=\"summary_large_image\" \/>\n<meta name=\"twitter:label1\" content=\"Tiempo de lectura\" \/>\n\t<meta name=\"twitter:data1\" content=\"2 minutos\" \/>\n<script type=\"application\/ld+json\" class=\"yoast-schema-graph\">{\"@context\":\"https:\\\/\\\/schema.org\",\"@graph\":[{\"@type\":\"WebPage\",\"@id\":\"https:\\\/\\\/espacioaretha.com\\\/explora\\\/nosotros\\\/\",\"url\":\"https:\\\/\\\/espacioaretha.com\\\/explora\\\/nosotros\\\/\",\"name\":\"Nosotros | Aretha Explora\",\"isPartOf\":{\"@id\":\"https:\\\/\\\/espacioaretha.com\\\/explora\\\/#website\"},\"datePublished\":\"2022-03-08T13:00:11+00:00\",\"dateModified\":\"2022-05-12T09:32:30+00:00\",\"breadcrumb\":{\"@id\":\"https:\\\/\\\/espacioaretha.com\\\/explora\\\/nosotros\\\/#breadcrumb\"},\"inLanguage\":\"es\",\"potentialAction\":[{\"@type\":\"ReadAction\",\"target\":[\"https:\\\/\\\/espacioaretha.com\\\/explora\\\/nosotros\\\/\"]}]},{\"@type\":\"BreadcrumbList\",\"@id\":\"https:\\\/\\\/espacioaretha.com\\\/explora\\\/nosotros\\\/#breadcrumb\",\"itemListElement\":[{\"@type\":\"ListItem\",\"position\":1,\"name\":\"Portada\",\"item\":\"https:\\\/\\\/espacioaretha.com\\\/explora\\\/\"},{\"@type\":\"ListItem\",\"position\":2,\"name\":\"Nosotros\"}]},{\"@type\":\"WebSite\",\"@id\":\"https:\\\/\\\/espacioaretha.com\\\/explora\\\/#website\",\"url\":\"https:\\\/\\\/espacioaretha.com\\\/explora\\\/\",\"name\":\"Aretha Explora\",\"description\":\"Plataforma de contenidos e inspiraci\u00f3n sobre arquitectura, dise\u00f1o y mucho m\u00e1s\",\"publisher\":{\"@id\":\"https:\\\/\\\/espacioaretha.com\\\/explora\\\/#organization\"},\"potentialAction\":[{\"@type\":\"SearchAction\",\"target\":{\"@type\":\"EntryPoint\",\"urlTemplate\":\"https:\\\/\\\/espacioaretha.com\\\/explora\\\/?s={search_term_string}\"},\"query-input\":{\"@type\":\"PropertyValueSpecification\",\"valueRequired\":true,\"valueName\":\"search_term_string\"}}],\"inLanguage\":\"es\"},{\"@type\":\"Organization\",\"@id\":\"https:\\\/\\\/espacioaretha.com\\\/explora\\\/#organization\",\"name\":\"Aretha Explora\",\"alternateName\":\"Aretha\",\"url\":\"https:\\\/\\\/espacioaretha.com\\\/explora\\\/\",\"logo\":{\"@type\":\"ImageObject\",\"inLanguage\":\"es\",\"@id\":\"https:\\\/\\\/espacioaretha.com\\\/explora\\\/#\\\/schema\\\/logo\\\/image\\\/\",\"url\":\"https:\\\/\\\/espacioaretha.com\\\/explora\\\/wp-content\\\/uploads\\\/2022\\\/05\\\/Ojo-web.jpg\",\"contentUrl\":\"https:\\\/\\\/espacioaretha.com\\\/explora\\\/wp-content\\\/uploads\\\/2022\\\/05\\\/Ojo-web.jpg\",\"width\":1920,\"height\":1080,\"caption\":\"Aretha Explora\"},\"image\":{\"@id\":\"https:\\\/\\\/espacioaretha.com\\\/explora\\\/#\\\/schema\\\/logo\\\/image\\\/\"}}]}<\/script>\n<!-- \/ Yoast SEO plugin. -->","yoast_head_json":{"title":"Nosotros | Aretha Explora","robots":{"index":"index","follow":"follow","max-snippet":"max-snippet:-1","max-image-preview":"max-image-preview:large","max-video-preview":"max-video-preview:-1"},"canonical":"https:\/\/espacioaretha.com\/explora\/nosotros\/","og_locale":"es_ES","og_type":"article","og_title":"Nosotros | Aretha Explora","og_description":"Aretha Explora es una plataforma de contenidos para los profesionales de la arquitectura y el dise\u00f1o impulsada por Aretha, una empresa especializada en el asesoramiento, desarrollo y ejecuci\u00f3n de proyectos de equipamiento integral de espacios, ya sean de trabajo, hospitality, contract o residenciales. Por la naturaleza de nuestra actividad, que ha de combinar creatividad con [&hellip;]","og_url":"https:\/\/espacioaretha.com\/explora\/nosotros\/","og_site_name":"Aretha Explora","article_modified_time":"2022-05-12T09:32:30+00:00","twitter_card":"summary_large_image","twitter_misc":{"Tiempo de lectura":"2 minutos"},"schema":{"@context":"https:\/\/schema.org","@graph":[{"@type":"WebPage","@id":"https:\/\/espacioaretha.com\/explora\/nosotros\/","url":"https:\/\/espacioaretha.com\/explora\/nosotros\/","name":"Nosotros | Aretha Explora","isPartOf":{"@id":"https:\/\/espacioaretha.com\/explora\/#website"},"datePublished":"2022-03-08T13:00:11+00:00","dateModified":"2022-05-12T09:32:30+00:00","breadcrumb":{"@id":"https:\/\/espacioaretha.com\/explora\/nosotros\/#breadcrumb"},"inLanguage":"es","potentialAction":[{"@type":"ReadAction","target":["https:\/\/espacioaretha.com\/explora\/nosotros\/"]}]},{"@type":"BreadcrumbList","@id":"https:\/\/espacioaretha.com\/explora\/nosotros\/#breadcrumb","itemListElement":[{"@type":"ListItem","position":1,"name":"Portada","item":"https:\/\/espacioaretha.com\/explora\/"},{"@type":"ListItem","position":2,"name":"Nosotros"}]},{"@type":"WebSite","@id":"https:\/\/espacioaretha.com\/explora\/#website","url":"https:\/\/espacioaretha.com\/explora\/","name":"Aretha Explora","description":"Plataforma de contenidos e inspiraci\u00f3n sobre arquitectura, dise\u00f1o y mucho m\u00e1s","publisher":{"@id":"https:\/\/espacioaretha.com\/explora\/#organization"},"potentialAction":[{"@type":"SearchAction","target":{"@type":"EntryPoint","urlTemplate":"https:\/\/espacioaretha.com\/explora\/?s={search_term_string}"},"query-input":{"@type":"PropertyValueSpecification","valueRequired":true,"valueName":"search_term_string"}}],"inLanguage":"es"},{"@type":"Organization","@id":"https:\/\/espacioaretha.com\/explora\/#organization","name":"Aretha Explora","alternateName":"Aretha","url":"https:\/\/espacioaretha.com\/explora\/","logo":{"@type":"ImageObject","inLanguage":"es","@id":"https:\/\/espacioaretha.com\/explora\/#\/schema\/logo\/image\/","url":"https:\/\/espacioaretha.com\/explora\/wp-content\/uploads\/2022\/05\/Ojo-web.jpg","contentUrl":"https:\/\/espacioaretha.com\/explora\/wp-content\/uploads\/2022\/05\/Ojo-web.jpg","width":1920,"height":1080,"caption":"Aretha Explora"},"image":{"@id":"https:\/\/espacioaretha.com\/explora\/#\/schema\/logo\/image\/"}}]}},"_links":{"self":[{"href":"https:\/\/espacioaretha.com\/explora\/wp-json\/wp\/v2\/pages\/93","targetHints":{"allow":["GET"]}}],"collection":[{"href":"https:\/\/espacioaretha.com\/explora\/wp-json\/wp\/v2\/pages"}],"about":[{"href":"https:\/\/espacioaretha.com\/explora\/wp-json\/wp\/v2\/types\/page"}],"author":[{"embeddable":true,"href":"https:\/\/espacioaretha.com\/explora\/wp-json\/wp\/v2\/users\/1"}],"replies":[{"embeddable":true,"href":"https:\/\/espacioaretha.com\/explora\/wp-json\/wp\/v2\/comments?post=93"}],"version-history":[{"count":53,"href":"https:\/\/espacioaretha.com\/explora\/wp-json\/wp\/v2\/pages\/93\/revisions"}],"predecessor-version":[{"id":2758,"href":"https:\/\/espacioaretha.com\/explora\/wp-json\/wp\/v2\/pages\/93\/revisions\/2758"}],"wp:attachment":[{"href":"https:\/\/espacioaretha.com\/explora\/wp-json\/wp\/v2\/media?parent=93"}],"curies":[{"name":"wp","href":"https:\/\/api.w.org\/{rel}","templated":true}]}}